{"id":7,"date":"2025-11-09T21:14:40","date_gmt":"2025-11-09T21:14:40","guid":{"rendered":"https:\/\/alarmdanmark.dk\/?page_id=7"},"modified":"2025-11-28T14:23:36","modified_gmt":"2025-11-28T14:23:36","slug":"home","status":"publish","type":"page","link":"https:\/\/alarmdanmark.dk\/","title":{"rendered":"Velkommen til AlarmDanmark.dk"},"content":{"rendered":"<p>AlarmDanmark.dk forhandler\u00a0 alarmer fra Ajax og\u00a0 TrueGuard<\/p>\n<div id=\"attachment_22\" style=\"width: 310px\" class=\"wp-caption alignright\"><img loading=\"lazy\" decoding=\"async\" aria-describedby=\"caption-attachment-22\" class=\"wp-image-22 size-medium\" src=\"https:\/\/alarmdanmark.dk\/wp-content\/uploads\/2025\/11\/0001982_trueguard-alarmer_450-300x300.png\" alt=\"Trueguard\" width=\"300\" height=\"300\" srcset=\"https:\/\/alarmdanmark.dk\/wp-content\/uploads\/2025\/11\/0001982_trueguard-alarmer_450-300x300.png 300w, https:\/\/alarmdanmark.dk\/wp-content\/uploads\/2025\/11\/0001982_trueguard-alarmer_450-150x150.png 150w, https:\/\/alarmdanmark.dk\/wp-content\/uploads\/2025\/11\/0001982_trueguard-alarmer_450.png 450w\" sizes=\"auto, (max-width: 300px) 100vw, 300px\" \/><p id=\"caption-attachment-22\" class=\"wp-caption-text\">Trueguard Alarm<\/p><\/div>\n<div id=\"attachment_21\" style=\"width: 310px\" class=\"wp-caption alignright\"><img loading=\"lazy\" decoding=\"async\" aria-describedby=\"caption-attachment-21\" class=\"wp-image-21 size-medium\" src=\"https:\/\/alarmdanmark.dk\/wp-content\/uploads\/2025\/11\/0021706_ajax-alarm_450-300x300.png\" alt=\"Ajax Alarm\" width=\"300\" height=\"300\" srcset=\"https:\/\/alarmdanmark.dk\/wp-content\/uploads\/2025\/11\/0021706_ajax-alarm_450-300x300.png 300w, https:\/\/alarmdanmark.dk\/wp-content\/uploads\/2025\/11\/0021706_ajax-alarm_450-150x150.png 150w, https:\/\/alarmdanmark.dk\/wp-content\/uploads\/2025\/11\/0021706_ajax-alarm_450.png 450w\" sizes=\"auto, (max-width: 300px) 100vw, 300px\" \/><p id=\"caption-attachment-21\" class=\"wp-caption-text\">Ajax Alarm<\/p><\/div>\n<p>Vi er igang med at oprette ny hjemmeside<\/p>\n<p>I mellemtiden kan du se produkter p\u00e5<\/p>\n<ul>\n<li><a href=\"https:\/\/trueguard.dk\/\" target=\"_blank\" rel=\"noopener\">Alarmsystem uden abonnement er fremtiden | TrueGuard Alarmer<\/a><\/li>\n<li><a href=\"https:\/\/ajax.systems\/\" target=\"_blank\" rel=\"noopener\">Ajax Security \u2014 Alarms &amp; Smart Systems | Official website<\/a><\/li>\n<\/ul>\n<p>Send en mail p\u00e5 info@alarmdanmark.dk hvis du har sp\u00f8rgsm\u00e5l.<\/p>\n","protected":false},"excerpt":{"rendered":"<p>AlarmDanmark.dk forhandler\u00a0 alarmer fra Ajax og\u00a0 TrueGuard Vi er igang med at oprette ny hjemmeside I mellemtiden kan du se produkter p\u00e5 Alarmsystem uden abonnement er fremtiden | TrueGuard Alarmer Ajax Security \u2014 Alarms &amp; Smart Systems | Official website&hellip;<\/p>\n","protected":false},"author":1,"featured_media":0,"parent":0,"menu_order":0,"comment_status":"closed","ping_status":"closed","template":"","meta":{"footnotes":""},"class_list":["post-7","page","type-page","status-publish","hentry"],"_links":{"self":[{"href":"https:\/\/alarmdanmark.dk\/index.php?rest_route=\/wp\/v2\/pages\/7","targetHints":{"allow":["GET"]}}],"collection":[{"href":"https:\/\/alarmdanmark.dk\/index.php?rest_route=\/wp\/v2\/pages"}],"about":[{"href":"https:\/\/alarmdanmark.dk\/index.php?rest_route=\/wp\/v2\/types\/page"}],"author":[{"embeddable":true,"href":"https:\/\/alarmdanmark.dk\/index.php?rest_route=\/wp\/v2\/users\/1"}],"replies":[{"embeddable":true,"href":"https:\/\/alarmdanmark.dk\/index.php?rest_route=%2Fwp%2Fv2%2Fcomments&post=7"}],"version-history":[{"count":7,"href":"https:\/\/alarmdanmark.dk\/index.php?rest_route=\/wp\/v2\/pages\/7\/revisions"}],"predecessor-version":[{"id":39,"href":"https:\/\/alarmdanmark.dk\/index.php?rest_route=\/wp\/v2\/pages\/7\/revisions\/39"}],"wp:attachment":[{"href":"https:\/\/alarmdanmark.dk\/index.php?rest_route=%2Fwp%2Fv2%2Fmedia&parent=7"}],"curies":[{"name":"wp","href":"https:\/\/api.w.org\/{rel}","templated":true}]}}